{"id":49,"date":"2020-06-16T15:30:58","date_gmt":"2020-06-16T13:30:58","guid":{"rendered":"https:\/\/portail.stpaul4.ac-reunion.fr\/wordpress\/erasmus\/?page_id=49"},"modified":"2024-02-01T23:25:30","modified_gmt":"2024-02-01T22:25:30","slug":"notre-charte","status":"publish","type":"page","link":"https:\/\/portail.stpaul4.ac-reunion.fr\/wordpress\/erasmus\/","title":{"rendered":"ERASMUS + AU LYCEE PAUL VERGES (ex SAINT PAUL 4)"},"content":{"rendered":"\n<figure class=\"is-layout-flex wp-block-gallery-1 wp-block-gallery alignright columns-1 is-cropped\"><ul class=\"blocks-gallery-grid\"><li class=\"blocks-gallery-item\"><figure><img decoding=\"async\" loading=\"lazy\" width=\"200\" height=\"190\" src=\"https:\/\/portail.stpaul4.ac-reunion.fr\/wordpress\/erasmus\/files\/2020\/06\/416_200_logo-cercle-erasmus-hd-2-1.jpg\" alt=\"\" data-id=\"2314\" class=\"wp-image-2314\" \/><\/figure><\/li><\/ul><\/figure>\n\n\n\n<p style=\"text-align: justify\">\u00a0\u00a0 \u00a0\u00a0\u00a0\u00a0\u00a0Le lyc\u00e9e Paul Verg\u00e8s, anciennement lyc\u00e9e Saint Paul 4, est le quatri\u00e8me lyc\u00e9e ouvert dans la commune de Saint Paul, en 2007. Il s&rsquo;est rapidement engag\u00e9 dans des actions concr\u00e8tes pour une ouverture sur l\u2019Europe et l\u2019international, afin de pr\u00e9parer au mieux ses \u00e9l\u00e8ves \u00e0 la mobilit\u00e9. Le plan de d\u00e9veloppement europ\u00e9en adopt\u00e9 en octobre 2014 a fix\u00e9 les priorit\u00e9s de l\u2019\u00e9tablissement : cr\u00e9er des partenariats avec des \u00e9tablissements europ\u00e9ens ou de la zone oc\u00e9an Indien gr\u00e2ce \u00e0 l\u2019utilisation de la plateforme eTwinning, augmenter les effectifs d\u2019enseignants aptes \u00e0 introduire l\u2019anglais ou l\u2019espagnol dans leur enseignement, pr\u00e9parer et encourager les \u00e9tudiants dans leurs mobilit\u00e9s en formation sup\u00e9rieure\u00a0 et\/ou professionnelle . Tous ces projets, par leur r\u00e9alisation, ont abouti \u00e0 la formation d\u2019une \u00e9quipe d\u2019enseignants dot\u00e9e d\u2019une r\u00e9elle expertise dans les mobilit\u00e9s Erasmus (KA1 et KA2). Le lyc\u00e9e Paul Verg\u00e8s a d\u2019ailleurs re\u00e7u le label \u201chaute qualit\u00e9\u201d pour la gestion d\u2019un projet kA1, le label \u201ceTwinning\u201d pour un KA2. Cette \u00e9quipe d\u2019enseignants s\u2019est form\u00e9e en anglais ou en espagnol et r\u00e9alise des cours dans leur mati\u00e8re en DNL anglais ou espagnol. L\u2019adjoint gestionnaire de l\u2019\u00e9tablissement ainsi que l\u2019\u00e9quipe de direction soutiennent activement tous les porteurs de projets.<\/p>\n","protected":false},"excerpt":{"rendered":"<p>\u00a0\u00a0 \u00a0\u00a0\u00a0\u00a0\u00a0Le lyc\u00e9e Paul Verg\u00e8s, anciennement lyc\u00e9e Saint Paul 4, est le quatri\u00e8me lyc\u00e9e ouvert dans la commune de Saint Paul, en 2007. Il s&rsquo;est rapidement engag\u00e9 dans des actions concr\u00e8tes pour une ouverture sur l\u2019Europe et l\u2019international, afin de pr\u00e9parer au mieux ses \u00e9l\u00e8ves \u00e0 la mobilit\u00e9. Le plan de d\u00e9veloppement europ\u00e9en adopt\u00e9 en &hellip; <a href=\"https:\/\/portail.stpaul4.ac-reunion.fr\/wordpress\/erasmus\/\" class=\"more-link\">Continuer la lecture de <span class=\"screen-reader-text\">ERASMUS + AU LYCEE PAUL VERGES (ex SAINT PAUL 4)<\/span>  <span class=\"meta-nav\">&rarr;<\/span><\/a><\/p>\n","protected":false},"author":42,"featured_media":0,"parent":0,"menu_order":0,"comment_status":"closed","ping_status":"closed","template":"","meta":{"_links_to":"","_links_to_target":""},"_links":{"self":[{"href":"https:\/\/portail.stpaul4.ac-reunion.fr\/wordpress\/erasmus\/wp-json\/wp\/v2\/pages\/49"}],"collection":[{"href":"https:\/\/portail.stpaul4.ac-reunion.fr\/wordpress\/erasmus\/wp-json\/wp\/v2\/pages"}],"about":[{"href":"https:\/\/portail.stpaul4.ac-reunion.fr\/wordpress\/erasmus\/wp-json\/wp\/v2\/types\/page"}],"author":[{"embeddable":true,"href":"https:\/\/portail.stpaul4.ac-reunion.fr\/wordpress\/erasmus\/wp-json\/wp\/v2\/users\/42"}],"replies":[{"embeddable":true,"href":"https:\/\/portail.stpaul4.ac-reunion.fr\/wordpress\/erasmus\/wp-json\/wp\/v2\/comments?post=49"}],"version-history":[{"count":8,"href":"https:\/\/portail.stpaul4.ac-reunion.fr\/wordpress\/erasmus\/wp-json\/wp\/v2\/pages\/49\/revisions"}],"predecessor-version":[{"id":2523,"href":"https:\/\/portail.stpaul4.ac-reunion.fr\/wordpress\/erasmus\/wp-json\/wp\/v2\/pages\/49\/revisions\/2523"}],"wp:attachment":[{"href":"https:\/\/portail.stpaul4.ac-reunion.fr\/wordpress\/erasmus\/wp-json\/wp\/v2\/media?parent=49"}],"curies":[{"name":"wp","href":"https:\/\/api.w.org\/{rel}","templated":true}]}}