{"id":26,"date":"2020-04-08T13:04:41","date_gmt":"2020-04-08T11:04:41","guid":{"rendered":"https:\/\/portail.stpaul4.ac-reunion.fr\/wordpress\/bitinvestigations\/?page_id=26"},"modified":"2025-06-12T10:08:45","modified_gmt":"2025-06-12T06:08:45","slug":"accueil","status":"publish","type":"page","link":"https:\/\/portail.stpaul4.ac-reunion.fr\/wordpress\/process\/","title":{"rendered":"Accueil"},"content":{"rendered":"\n<figure class=\"wp-block-image\"><img decoding=\"async\" loading=\"lazy\" width=\"612\" height=\"188\" src=\"https:\/\/portail.stpaul4.ac-reunion.fr\/wordpress\/process\/files\/2020\/07\/dessin-arriere-plan.jpg\" alt=\"\" class=\"wp-image-694\" srcset=\"https:\/\/portail.stpaul4.ac-reunion.fr\/wordpress\/process\/files\/2020\/07\/dessin-arriere-plan.jpg 612w, https:\/\/portail.stpaul4.ac-reunion.fr\/wordpress\/process\/files\/2020\/07\/dessin-arriere-plan-300x92.jpg 300w, https:\/\/portail.stpaul4.ac-reunion.fr\/wordpress\/process\/files\/2020\/07\/dessin-arriere-plan-150x46.jpg 150w, https:\/\/portail.stpaul4.ac-reunion.fr\/wordpress\/process\/files\/2020\/07\/dessin-arriere-plan-250x77.jpg 250w\" sizes=\"(max-width: 612px) 100vw, 612px\" \/><\/figure>\n\n\n\n<p><strong>Tous les documents pr\u00e9sent\u00e9s sont des supports p\u00e9dagogiques cr\u00e9\u00e9s par des enseignants. Il ne s&rsquo;agit nullement de documents normalis\u00e9s d&rsquo;un syst\u00e8me qualit\u00e9 propre au lyc\u00e9e.<\/strong> <strong>Leur utilisation est r\u00e9serv\u00e9e aux \u00e9l\u00e8ves et \u00e9tudiants  guid\u00e9s par les enseignants auteurs.<\/strong><\/p>\n\n\n\n<p><strong>LES DOCUMENTS SEULS NE PEUVENT  PERMETTRE L&rsquo;UTILISATION DES MACHINES SANS UNE FORMATION PREALABLE COMPLETE.<\/strong><\/p>\n\n\n\n<p><strong><mark>LES PROCEDURES en format pdf sont mises \u00e0 jour r\u00e9guli\u00e8rement, les pages texte le sont moins.<\/mark><\/strong><\/p>\n\n\n\n<p class=\"has-text-align-left\">L&rsquo;\u00e9tude des processus technologiques, appel\u00e9e aussi G\u00e9nie Industriel ou G\u00e9nie des Proc\u00e9d\u00e9s, concerne au lyc\u00e9e Paul Verges les lyc\u00e9ens des baccalaur\u00e9ats professionnels  P.I.P.A.C. , ainsi que les \u00e9tudiants de BTS Bio-Qualit\u00e9.<\/p>\n\n\n\n<p class=\"has-text-align-left\"><em>En raison de l&rsquo;\u00e9volution des r\u00e9f\u00e9rentiels de dipl\u00f4me, certaines proc\u00e9dures sont encore intitul\u00e9es BIT ou QUIABI<\/em><\/p>\n\n\n\n<p>Il s&rsquo;agit de s&rsquo;approprier l&rsquo;ensemble des proc\u00e9d\u00e9s mis en oeuvre dans les fabrications de produits alimentaires, cosm\u00e9tiques et pharmaceutiques, ainsi que les moyens de contr\u00f4le de leur qualit\u00e9.<\/p>\n\n\n\n<p>Les \u00e9l\u00e8ves appr\u00e9hendent ces proc\u00e9d\u00e9s par l&rsquo;interm\u00e9diaire de travaux pratiques de fabrication. Vous trouverez sur ce site, sous forme de proc\u00e9dures \u00e9crites mais aussi en vid\u00e9o, tous les documents p\u00e9dagogiques mis \u00e0 leur disposition par une \u00e9quipe d&rsquo;enseignants.<\/p>\n\n\n\n<p>Les vid\u00e9os sont utilis\u00e9es dans des s\u00e9quences de type classe invers\u00e9e, ou en pr\u00e9paration de TP, et permettent \u00e9galement \u00e0 beaucoup d&rsquo;\u00e9l\u00e8ves de mieux s&rsquo;approprier les TP qu&rsquo;\u00e0 partir de supports \u00e9crits <em>(les \u00e9l\u00e8ves disposent de tablettes num\u00e9riques durant la s\u00e9ance de TP)<\/em>.<\/p>\n\n\n\n<p>Ce site permet \u00e9galement une continuit\u00e9 du travail hors p\u00e9riode scolaire.<\/p>\n\n\n\n<h4><em>                 Les proc\u00e9dures :<\/em><\/h4>\n\n\n\n<ul>\n<li>utilisation du mat\u00e9riel : <strong><a href=\"https:\/\/portail.stpaul4.ac-reunion.fr\/wordpress\/process\/category\/aqprma\/\">AQPrMa<\/a><\/strong><\/li>\n\n\n\n<li>fabrication : <a href=\"https:\/\/portail.stpaul4.ac-reunion.fr\/wordpress\/process\/category\/aqprfatest\/\"><strong>AQPrFa<\/strong> <\/a>pour les bacs pros, <a href=\"https:\/\/portail.stpaul4.ac-reunion.fr\/wordpress\/process\/category\/aqprfa-bts\/\"><strong>AQPrFa QIAB<\/strong> <\/a>pour le BTS QIABI <em>(qui n&rsquo;existe plus, mais la plupart des TP peuvent \u00eatre facilement transpos\u00e9s en BioQ)<\/em>, <strong><a href=\"https:\/\/portail.stpaul4.ac-reunion.fr\/wordpress\/process\/category\/aqprfa-bioq\/\">AQPFa BioQ<\/a><\/strong> pour le BTS Bio Qualit\u00e9<\/li>\n\n\n\n<li>contr\u00f4le des mati\u00e8res premi\u00e8res : <strong>AQPrMP<\/strong><\/li>\n\n\n\n<li>contr\u00f4le en cours de fabrication :<a href=\"https:\/\/portail.stpaul4.ac-reunion.fr\/wordpress\/process\/category\/aqprecf\/\"> <strong>AQPrECF<\/strong><\/a><\/li>\n\n\n\n<li>contr\u00f4le des produits finis : <strong><a href=\"https:\/\/portail.stpaul4.ac-reunion.fr\/wordpress\/process\/category\/aqprpf\/\">AQPrPF<\/a><\/strong><\/li>\n\n\n\n<li>d\u00e9couverte des op\u00e9rations unitaires : <strong><a href=\"https:\/\/portail.stpaul4.ac-reunion.fr\/wordpress\/process\/category\/aqprou\/\">AQPrOU<\/a><\/strong><\/li>\n<\/ul>\n\n\n\n<p class=\"has-text-align-center has-pale-cyan-blue-background-color has-background\">Consultez r\u00e9guli\u00e8rement les diff\u00e9rents onglets, des proc\u00e9dures ou des vid\u00e9os sont r\u00e9guli\u00e8rement ajout\u00e9es ou mises \u00e0 jour.<\/p>\n\n\n\n<p><\/p>\n","protected":false},"excerpt":{"rendered":"<p>Tous les documents pr\u00e9sent\u00e9s sont des supports p\u00e9dagogiques cr\u00e9\u00e9s par des enseignants. Il ne s&rsquo;agit nullement de documents normalis\u00e9s d&rsquo;un syst\u00e8me qualit\u00e9 propre au lyc\u00e9e. Leur utilisation est r\u00e9serv\u00e9e aux \u00e9l\u00e8ves et \u00e9tudiants guid\u00e9s par les enseignants auteurs. LES DOCUMENTS SEULS NE PEUVENT PERMETTRE L&rsquo;UTILISATION DES MACHINES SANS UNE FORMATION&#8230; <a class=\"continue-reading-link\" href=\"https:\/\/portail.stpaul4.ac-reunion.fr\/wordpress\/process\/\"> Continue reading <span class=\"meta-nav\">&rarr; <\/span><\/a><\/p>\n","protected":false},"author":473,"featured_media":0,"parent":0,"menu_order":0,"comment_status":"closed","ping_status":"closed","template":"","meta":{"_links_to":"","_links_to_target":""},"_links":{"self":[{"href":"https:\/\/portail.stpaul4.ac-reunion.fr\/wordpress\/process\/wp-json\/wp\/v2\/pages\/26"}],"collection":[{"href":"https:\/\/portail.stpaul4.ac-reunion.fr\/wordpress\/process\/wp-json\/wp\/v2\/pages"}],"about":[{"href":"https:\/\/portail.stpaul4.ac-reunion.fr\/wordpress\/process\/wp-json\/wp\/v2\/types\/page"}],"author":[{"embeddable":true,"href":"https:\/\/portail.stpaul4.ac-reunion.fr\/wordpress\/process\/wp-json\/wp\/v2\/users\/473"}],"replies":[{"embeddable":true,"href":"https:\/\/portail.stpaul4.ac-reunion.fr\/wordpress\/process\/wp-json\/wp\/v2\/comments?post=26"}],"version-history":[{"count":48,"href":"https:\/\/portail.stpaul4.ac-reunion.fr\/wordpress\/process\/wp-json\/wp\/v2\/pages\/26\/revisions"}],"predecessor-version":[{"id":2007,"href":"https:\/\/portail.stpaul4.ac-reunion.fr\/wordpress\/process\/wp-json\/wp\/v2\/pages\/26\/revisions\/2007"}],"wp:attachment":[{"href":"https:\/\/portail.stpaul4.ac-reunion.fr\/wordpress\/process\/wp-json\/wp\/v2\/media?parent=26"}],"curies":[{"name":"wp","href":"https:\/\/api.w.org\/{rel}","templated":true}]}}